{"id":262,"date":"2022-05-05T18:30:49","date_gmt":"2022-05-05T18:30:49","guid":{"rendered":"https:\/\/tudoemmadeira.pt\/?page_id=262"},"modified":"2022-08-26T05:21:05","modified_gmt":"2022-08-26T05:21:05","slug":"elementor-262","status":"publish","type":"page","link":"https:\/\/tudoemmadeira.pt\/","title":{"rendered":"Tudo em Madeira 001"},"content":{"rendered":"\t\t<div data-elementor-type=\"wp-page\" data-elementor-id=\"262\" class=\"elementor elementor-262\">\n\t\t\t\t<div class=\"elementor-element elementor-element-bd76a43 e-con-full e-flex e-con e-parent\" data-id=\"bd76a43\" data-element_type=\"container\" data-settings=\"{&quot;content_width&quot;:&quot;full&quot;,&quot;background_background&quot;:&quot;classic&quot;}\" data-core-v316-plus=\"true\">\n\t\t\t\t<div class=\"elementor-element elementor-element-2dd66ff premium-vscroll-nav-dots-yes elementor-widget elementor-widget-premium-vscroll\" data-id=\"2dd66ff\" data-element_type=\"widget\" data-widget_type=\"premium-vscroll.default\">\n\t\t\t\t<div class=\"elementor-widget-container\">\n\t\t\t\r\n\t\t<div class=\"premium-vscroll-wrap\" id=\"premium-vscroll-wrap-2dd66ff\" data-settings=\"{&quot;id&quot;:&quot;2dd66ff&quot;,&quot;speed&quot;:700,&quot;offset&quot;:0,&quot;tooltips&quot;:true,&quot;dotsText&quot;:[&quot;&quot;],&quot;dotsPos&quot;:&quot;right&quot;,&quot;dotsVPos&quot;:&quot;middle&quot;,&quot;fullSection&quot;:true,&quot;fullTouch&quot;:false,&quot;fullCheckOverflow&quot;:true,&quot;addToHistory&quot;:true,&quot;animation&quot;:&quot;&quot;,&quot;duration&quot;:null}\">\r\n\t\t\t\t\t\t<div class=\"premium-vscroll-inner\" id=\"premium-vscroll-2dd66ff\">\r\n\t\t\t\t<div class=\"premium-vscroll-dots premium-vscroll-dots-hide right middle circ\">\r\n\t\t\t\t\t<ul class=\"premium-vscroll-dots-list\">\r\n\t\t\t\t\t\t\t\t\t\t\t\t\t<li data-index=\"0\" data-menuanchor=\"section_2dd66ff0\" class=\"premium-vscroll-dot-item\">\r\n\t\t\t\t\t\t\t\t<div class=\"premium-vscroll-nav-link\"><span><\/span><\/div>\r\n\t\t\t\t\t\t\t<\/li>\r\n\t\t\t\t\t\t\t\t\t\t\t\t\t<li data-index=\"1\" data-menuanchor=\"section_2dd66ff1\" class=\"premium-vscroll-dot-item\">\r\n\t\t\t\t\t\t\t\t<div class=\"premium-vscroll-nav-link\"><span><\/span><\/div>\r\n\t\t\t\t\t\t\t<\/li>\r\n\t\t\t\t\t\t\t\t\t\t\t\t\t<li data-index=\"2\" data-menuanchor=\"section_2dd66ff2\" class=\"premium-vscroll-dot-item\">\r\n\t\t\t\t\t\t\t\t<div class=\"premium-vscroll-nav-link\"><span><\/span><\/div>\r\n\t\t\t\t\t\t\t<\/li>\r\n\t\t\t\t\t\t\t\t\t\t\t\t\t<li data-index=\"3\" data-menuanchor=\"section_2dd66ff3\" class=\"premium-vscroll-dot-item\">\r\n\t\t\t\t\t\t\t\t<div class=\"premium-vscroll-nav-link\"><span><\/span><\/div>\r\n\t\t\t\t\t\t\t<\/li>\r\n\t\t\t\t\t\t\t\t\t\t\t<\/ul>\r\n\t\t\t\t<\/div>\r\n\t\t\t\t\t\t\t\t\t<div class=\"premium-vscroll-sections-wrap\" id=\"premium-vscroll-sections-wrap-2dd66ff\">\r\n\r\n\t\t\t\t\t\t\t\t\t\t\t\t\t<div id=\"section_2dd66ff0\" class=\"premium-vscroll-temp premium-vscroll-temp-2dd66ff\">\r\n\t\t\t\t\t\t\t\t\t\t<div data-elementor-type=\"page\" data-elementor-id=\"247\" class=\"elementor elementor-247\">\n\t\t\t\t<div class=\"elementor-element elementor-element-9cb6213 e-con-full e-flex e-con e-parent\" data-id=\"9cb6213\" data-element_type=\"container\" data-settings=\"{&quot;content_width&quot;:&quot;full&quot;}\" data-core-v316-plus=\"true\">\n\t\t<div class=\"elementor-element elementor-element-47b57fb e-con-full e-flex e-con e-child\" data-id=\"47b57fb\" data-element_type=\"container\" data-settings=\"{&quot;content_width&quot;:&quot;full&quot;,&quot;background_background&quot;:&quot;classic&quot;}\">\n\t\t\t\t<div class=\"elementor-element elementor-element-346bd11 animated-slow elementor-widget__width-inherit elementor-invisible elementor-widget elementor-widget-text-editor\" data-id=\"346bd11\" data-element_type=\"widget\" data-settings=\"{&quot;_animation&quot;:&quot;zoomIn&quot;,&quot;_animation_delay&quot;:1800}\" data-widget_type=\"text-editor.default\">\n\t\t\t\t<div class=\"elementor-widget-container\">\n\t\t\t<style>\/*! elementor - v3.19.0 - 28-02-2024 *\/\n.elementor-widget-text-editor.elementor-drop-cap-view-stacked .elementor-drop-cap{background-color:#69727d;color:#fff}.elementor-widget-text-editor.elementor-drop-cap-view-framed .elementor-drop-cap{color:#69727d;border:3px solid;background-color:transparent}.elementor-widget-text-editor:not(.elementor-drop-cap-view-default) .elementor-drop-cap{margin-top:8px}.elementor-widget-text-editor:not(.elementor-drop-cap-view-default) .elementor-drop-cap-letter{width:1em;height:1em}.elementor-widget-text-editor .elementor-drop-cap{float:left;text-align:center;line-height:1;font-size:50px}.elementor-widget-text-editor .elementor-drop-cap-letter{display:inline-block}<\/style>\t\t\t\t<h2><em>Interior Design e Carpintaria<\/em><\/h2><h5>Mithad Deveci\u00a0 &#8211; Telefone 91 25 74 832 &#8211; info@tudoemmadeira.pt<\/h5><p>\u00a0<\/p>\t\t\t\t\t\t<\/div>\n\t\t\t\t<\/div>\n\t\t\t\t<\/div>\n\t\t<div class=\"elementor-element elementor-element-b41ba39 e-con-full e-flex e-con e-child\" data-id=\"b41ba39\" data-element_type=\"container\" data-settings=\"{&quot;content_width&quot;:&quot;full&quot;,&quot;background_background&quot;:&quot;slideshow&quot;,&quot;background_slideshow_gallery&quot;:[{&quot;id&quot;:371,&quot;url&quot;:&quot;https:\\\/\\\/tudoemmadeira.pt\\\/wp-content\\\/uploads\\\/2022\\\/05\\\/Schermbeck-001-1.jpg&quot;}],&quot;background_slideshow_loop&quot;:&quot;yes&quot;,&quot;background_slideshow_slide_duration&quot;:5000,&quot;background_slideshow_slide_transition&quot;:&quot;fade&quot;,&quot;background_slideshow_transition_duration&quot;:500}\">\n\t\t\t\t<div class=\"elementor-element elementor-element-0cedf17 elementor-widget elementor-widget-text-editor\" data-id=\"0cedf17\" data-element_type=\"widget\" data-widget_type=\"text-editor.default\">\n\t\t\t\t<div class=\"elementor-widget-container\">\n\t\t\t\t\t\t\t<h2>A sua cozinha de sonho<\/h2><h6 class=\"elementor-heading-title elementor-size-default elementor-inline-editing pen\" contenteditable=\"true\" data-elementor-setting-key=\"title\" data-pen-placeholder=\"Eingabe hier...\">Um cozinha deve ter design, ser pr\u00e1tica e ao seu gosto.<\/h6>\t\t\t\t\t\t<\/div>\n\t\t\t\t<\/div>\n\t\t\t\t<\/div>\n\t\t<div class=\"elementor-element elementor-element-b25065b e-con-full e-flex e-con e-child\" data-id=\"b25065b\" data-element_type=\"container\" data-settings=\"{&quot;content_width&quot;:&quot;full&quot;,&quot;background_background&quot;:&quot;classic&quot;}\">\n\t\t\t\t<div class=\"elementor-element elementor-element-e14e70d elementor-widget elementor-widget-text-editor\" data-id=\"e14e70d\" data-element_type=\"widget\" data-widget_type=\"text-editor.default\">\n\t\t\t\t<div class=\"elementor-widget-container\">\n\t\t\t\t\t\t\t<h3>cozinhas e roupeiros por medida, portas, janelas, escadas, arm\u00e1rios<\/h3>\t\t\t\t\t\t<\/div>\n\t\t\t\t<\/div>\n\t\t\t\t<\/div>\n\t\t<div class=\"elementor-element elementor-element-3a1a2b3 e-flex e-con-boxed e-con e-child\" data-id=\"3a1a2b3\" data-element_type=\"container\" data-settings=\"{&quot;background_background&quot;:&quot;slideshow&quot;,&quot;background_slideshow_gallery&quot;:[{&quot;id&quot;:411,&quot;url&quot;:&quot;https:\\\/\\\/tudoemmadeira.pt\\\/wp-content\\\/uploads\\\/2022\\\/08\\\/Holzbau-001.jpg&quot;}],&quot;content_width&quot;:&quot;boxed&quot;,&quot;background_slideshow_loop&quot;:&quot;yes&quot;,&quot;background_slideshow_slide_duration&quot;:5000,&quot;background_slideshow_slide_transition&quot;:&quot;fade&quot;,&quot;background_slideshow_transition_duration&quot;:500}\">\n\t\t\t\t\t<div class=\"e-con-inner\">\n\t\t\t\t\t<\/div>\n\t\t\t\t<\/div>\n\t\t<div class=\"elementor-element elementor-element-1057cdf e-flex e-con-boxed e-con e-child\" data-id=\"1057cdf\" data-element_type=\"container\" data-settings=\"{&quot;background_background&quot;:&quot;classic&quot;,&quot;content_width&quot;:&quot;boxed&quot;}\">\n\t\t\t\t\t<div class=\"e-con-inner\">\n\t\t\t\t<div class=\"elementor-element elementor-element-de00a31 elementor-widget__width-inherit elementor-invisible elementor-widget elementor-widget-text-editor\" data-id=\"de00a31\" data-element_type=\"widget\" data-settings=\"{&quot;_animation&quot;:&quot;fadeInUp&quot;}\" data-widget_type=\"text-editor.default\">\n\t\t\t\t<div class=\"elementor-widget-container\">\n\t\t\t\t\t\t\t<div class=\"uvc-main-heading ult-responsive\" data-ultimate-target=\".uvc-heading.ultimate-heading-4703630b9430d3742 h3\" data-responsive-json-new=\"{&quot;font-size&quot;:&quot;desktop:18px;&quot;,&quot;line-height&quot;:&quot;desktop:28px;&quot;}\"><h3>Remodela\u00e7\u00e3o de lojas<\/h3><\/div><div class=\"uvc-sub-heading ult-responsive\" data-ultimate-target=\".uvc-heading.ultimate-heading-4703630b9430d3742 .uvc-sub-heading \" data-responsive-json-new=\"{&quot;font-size&quot;:&quot;&quot;,&quot;line-height&quot;:&quot;&quot;}\">A remodela\u00e7\u00e3o de lojas ou\u00a0<strong>espa\u00e7os comerciais\u00a0<\/strong>tem o objectivo de otimizar a atividade comercial.<\/div><h6 class=\"elementor-heading-title elementor-size-default elementor-inline-editing pen\" contenteditable=\"true\" data-elementor-setting-key=\"title\" data-pen-placeholder=\"Eingabe hier...\">\u00a0<\/h6>\t\t\t\t\t\t<\/div>\n\t\t\t\t<\/div>\n\t\t\t\t\t<\/div>\n\t\t\t\t<\/div>\n\t\t\t\t<\/div>\n\t\t\t\t<\/div>\n\t\t\t\t\t\t\t\t\t<\/div>\r\n\t\t\t\t\t\t\t\t\t\t\t\t\t<div id=\"section_2dd66ff1\" class=\"premium-vscroll-temp premium-vscroll-temp-2dd66ff\">\r\n\t\t\t\t\t\t\t\t\t\t<div data-elementor-type=\"page\" data-elementor-id=\"252\" class=\"elementor elementor-252\">\n\t\t\t\t<div class=\"elementor-element elementor-element-94ba8a1 e-con-full e-flex e-con e-parent\" data-id=\"94ba8a1\" data-element_type=\"container\" data-settings=\"{&quot;content_width&quot;:&quot;full&quot;,&quot;background_background&quot;:&quot;classic&quot;}\" data-core-v316-plus=\"true\">\n\t\t\t\t<div class=\"elementor-element elementor-element-4ea10b5 elementor-widget elementor-widget-powerfolio_gallery\" data-id=\"4ea10b5\" data-element_type=\"widget\" data-widget_type=\"powerfolio_gallery.default\">\n\t\t\t\t<div class=\"elementor-widget-container\">\n\t\t\t<div class=\"elpt-portfolio elpt_powerfolio_35757\"><div class=\"elpt-portfolio-content elpt-portfolio-content-isotope elpt-portfolio-style-box  hover2 elpt-portfolio-columns-2  elpt-portfolio-margin\"><div class=\"portfolio-item-wrapper  elemenfoliocategory-\"><a href=\"https:\/\/tudoemmadeira.pt\/wp-content\/uploads\/2022\/05\/work-5.jpg\" class=\"portfolio-item elpt-portfolio-lightbox\" rel=\"elpt-portfolio_elpt_powerfolio_35757\" style=\"background-image: url(https:\/\/tudoemmadeira.pt\/wp-content\/uploads\/2022\/05\/work-5.jpg)\" title=\"Designed by Mithad Deveci\"><img decoding=\"async\" src=\"https:\/\/tudoemmadeira.pt\/wp-content\/uploads\/2022\/05\/work-5.jpg\" title=\"Designed by Mithad Deveci\" alt=\"Designed by Mithad Deveci\" \/><div class=\"portfolio-item-infos-wrapper\" style=\"background-color:\"><div class=\"portfolio-item-infos\"><div class=\"portfolio-item-title\"><span class=\"portfolio-item-title-span\">Designed by Mithad Deveci<\/span><\/div><div class=\"portfolio-item-category\"><span class=\"elpt-portfolio-cat\"><\/span><\/div><\/div><\/div><\/a><\/div><div class=\"portfolio-item-wrapper  elemenfoliocategory-\"><a href=\"https:\/\/tudoemmadeira.pt\/wp-content\/uploads\/2022\/05\/IMG-20220912-WA0022.jpg\" class=\"portfolio-item elpt-portfolio-lightbox\" rel=\"elpt-portfolio_elpt_powerfolio_35757\" style=\"background-image: url(https:\/\/tudoemmadeira.pt\/wp-content\/uploads\/2022\/05\/IMG-20220912-WA0022.jpg)\" title=\"Designed by Mithad Deveci\"><img decoding=\"async\" src=\"https:\/\/tudoemmadeira.pt\/wp-content\/uploads\/2022\/05\/IMG-20220912-WA0022.jpg\" title=\"Designed by Mithad Deveci\" alt=\"Designed by Mithad Deveci\" \/><div class=\"portfolio-item-infos-wrapper\" style=\"background-color:\"><div class=\"portfolio-item-infos\"><div class=\"portfolio-item-title\"><span class=\"portfolio-item-title-span\">Designed by Mithad Deveci<\/span><\/div><div class=\"portfolio-item-category\"><span class=\"elpt-portfolio-cat\"><\/span><\/div><\/div><\/div><\/a><\/div><div class=\"portfolio-item-wrapper  elemenfoliocategory-\"><a href=\"https:\/\/tudoemmadeira.pt\/wp-content\/uploads\/2022\/05\/IMG-20220912-WA0001.jpg\" class=\"portfolio-item elpt-portfolio-lightbox\" rel=\"elpt-portfolio_elpt_powerfolio_35757\" style=\"background-image: url(https:\/\/tudoemmadeira.pt\/wp-content\/uploads\/2022\/05\/IMG-20220912-WA0001.jpg)\" title=\"Designed by Mithad Deveci\"><img decoding=\"async\" src=\"https:\/\/tudoemmadeira.pt\/wp-content\/uploads\/2022\/05\/IMG-20220912-WA0001.jpg\" title=\"Designed by Mithad Deveci\" alt=\"Designed by Mithad Deveci\" \/><div class=\"portfolio-item-infos-wrapper\" style=\"background-color:\"><div class=\"portfolio-item-infos\"><div class=\"portfolio-item-title\"><span class=\"portfolio-item-title-span\">Designed by Mithad Deveci<\/span><\/div><div class=\"portfolio-item-category\"><span class=\"elpt-portfolio-cat\"><\/span><\/div><\/div><\/div><\/a><\/div><div class=\"portfolio-item-wrapper  elemenfoliocategory-\"><a href=\"https:\/\/tudoemmadeira.pt\/wp-content\/uploads\/2022\/05\/Fussboden.jpg\" class=\"portfolio-item elpt-portfolio-lightbox\" rel=\"elpt-portfolio_elpt_powerfolio_35757\" style=\"background-image: url(https:\/\/tudoemmadeira.pt\/wp-content\/uploads\/2022\/05\/Fussboden.jpg)\" title=\"Designed by Mithad Deveci\"><img decoding=\"async\" src=\"https:\/\/tudoemmadeira.pt\/wp-content\/uploads\/2022\/05\/Fussboden.jpg\" title=\"Designed by Mithad Deveci\" alt=\"Designed by Mithad Deveci\" \/><div class=\"portfolio-item-infos-wrapper\" style=\"background-color:\"><div class=\"portfolio-item-infos\"><div class=\"portfolio-item-title\"><span class=\"portfolio-item-title-span\">Designed by Mithad Deveci<\/span><\/div><div class=\"portfolio-item-category\"><span class=\"elpt-portfolio-cat\"><\/span><\/div><\/div><\/div><\/a><\/div><div class=\"portfolio-item-wrapper  elemenfoliocategory-\"><a href=\"https:\/\/tudoemmadeira.pt\/wp-content\/uploads\/2022\/05\/Decke-001.jpg\" class=\"portfolio-item elpt-portfolio-lightbox\" rel=\"elpt-portfolio_elpt_powerfolio_35757\" style=\"background-image: url(https:\/\/tudoemmadeira.pt\/wp-content\/uploads\/2022\/05\/Decke-001.jpg)\" title=\"Designed by Mithad Deveci\"><img decoding=\"async\" src=\"https:\/\/tudoemmadeira.pt\/wp-content\/uploads\/2022\/05\/Decke-001.jpg\" title=\"Designed by Mithad Deveci\" alt=\"Designed by Mithad Deveci\" \/><div class=\"portfolio-item-infos-wrapper\" style=\"background-color:\"><div class=\"portfolio-item-infos\"><div class=\"portfolio-item-title\"><span class=\"portfolio-item-title-span\">Designed by Mithad Deveci<\/span><\/div><div class=\"portfolio-item-category\"><span class=\"elpt-portfolio-cat\"><\/span><\/div><\/div><\/div><\/a><\/div><div class=\"portfolio-item-wrapper  elemenfoliocategory-cozinha_6\"><a href=\"https:\/\/tudoemmadeira.pt\/wp-content\/uploads\/2022\/05\/5f2d2c9310ff92b022a330e6_next125-kuechen.jpg\" class=\"portfolio-item elpt-portfolio-lightbox\" rel=\"elpt-portfolio_elpt_powerfolio_35757\" style=\"background-image: url(https:\/\/tudoemmadeira.pt\/wp-content\/uploads\/2022\/05\/5f2d2c9310ff92b022a330e6_next125-kuechen.jpg)\" title=\"Cozinha\"><img decoding=\"async\" src=\"https:\/\/tudoemmadeira.pt\/wp-content\/uploads\/2022\/05\/5f2d2c9310ff92b022a330e6_next125-kuechen.jpg\" title=\"Cozinha\" alt=\"Cozinha\" \/><div class=\"portfolio-item-infos-wrapper\" style=\"background-color:\"><div class=\"portfolio-item-infos\"><div class=\"portfolio-item-title\"><span class=\"portfolio-item-title-span\">Cozinha<\/span><\/div><div class=\"portfolio-item-category\"><span class=\"elpt-portfolio-cat\">Cozinha 6<\/span><\/div><\/div><\/div><\/a><\/div><\/div><\/div>\t\t<script><\/script>\n\t\t\n\t\t\t\t<\/div>\n\t\t\t\t<\/div>\n\t\t\t\t<\/div>\n\t\t\t\t<\/div>\n\t\t\t\t\t\t\t\t\t<\/div>\r\n\t\t\t\t\t\t\t\t\t\t\t\t\t<div id=\"section_2dd66ff2\" class=\"premium-vscroll-temp premium-vscroll-temp-2dd66ff\">\r\n\t\t\t\t\t\t\t\t\t\t<div data-elementor-type=\"page\" data-elementor-id=\"256\" class=\"elementor elementor-256\">\n\t\t\t\t<div class=\"elementor-element elementor-element-939d231 e-con-full e-flex e-con e-parent\" data-id=\"939d231\" data-element_type=\"container\" data-settings=\"{&quot;content_width&quot;:&quot;full&quot;,&quot;background_background&quot;:&quot;classic&quot;}\" data-core-v316-plus=\"true\">\n\t\t\t\t<\/div>\n\t\t\t\t<\/div>\n\t\t\t\t\t\t\t\t\t<\/div>\r\n\t\t\t\t\t\t\t\t\t\t\t\t\t<div id=\"section_2dd66ff3\" class=\"premium-vscroll-temp premium-vscroll-temp-2dd66ff\">\r\n\t\t\t\t\t\t\t\t\t\t<div data-elementor-type=\"page\" data-elementor-id=\"425\" class=\"elementor elementor-425\">\n\t\t\t\t<div class=\"elementor-element elementor-element-94ba8a1 e-con-full e-flex e-con e-parent\" data-id=\"94ba8a1\" data-element_type=\"container\" data-settings=\"{&quot;content_width&quot;:&quot;full&quot;,&quot;background_background&quot;:&quot;classic&quot;}\" data-core-v316-plus=\"true\">\n\t\t\t\t<div class=\"elementor-element elementor-element-4ea10b5 elementor-widget elementor-widget-powerfolio_gallery\" data-id=\"4ea10b5\" data-element_type=\"widget\" data-widget_type=\"powerfolio_gallery.default\">\n\t\t\t\t<div class=\"elementor-widget-container\">\n\t\t\t<div class=\"elpt-portfolio elpt_powerfolio_37394\"><div class=\"elpt-portfolio-content elpt-portfolio-content-isotope elpt-portfolio-style-box  hover2 elpt-portfolio-columns-2  elpt-portfolio-margin\"><div class=\"portfolio-item-wrapper  elemenfoliocategory-\"><a href=\"https:\/\/tudoemmadeira.pt\/wp-content\/uploads\/2022\/05\/Theke-001.jpg\" class=\"portfolio-item elpt-portfolio-lightbox\" rel=\"elpt-portfolio_elpt_powerfolio_37394\" style=\"background-image: url(https:\/\/tudoemmadeira.pt\/wp-content\/uploads\/2022\/05\/Theke-001.jpg)\" title=\"Designed by Mithad Deveci\"><img decoding=\"async\" src=\"https:\/\/tudoemmadeira.pt\/wp-content\/uploads\/2022\/05\/Theke-001.jpg\" title=\"Designed by Mithad Deveci\" alt=\"Designed by Mithad Deveci\" \/><div class=\"portfolio-item-infos-wrapper\" style=\"background-color:\"><div class=\"portfolio-item-infos\"><div class=\"portfolio-item-title\"><span class=\"portfolio-item-title-span\">Designed by Mithad Deveci<\/span><\/div><div class=\"portfolio-item-category\"><span class=\"elpt-portfolio-cat\"><\/span><\/div><\/div><\/div><\/a><\/div><div class=\"portfolio-item-wrapper  elemenfoliocategory-\"><a href=\"https:\/\/tudoemmadeira.pt\/wp-content\/uploads\/2022\/05\/work-9.jpg\" class=\"portfolio-item elpt-portfolio-lightbox\" rel=\"elpt-portfolio_elpt_powerfolio_37394\" style=\"background-image: url(https:\/\/tudoemmadeira.pt\/wp-content\/uploads\/2022\/05\/work-9.jpg)\" title=\"Designed by Mithad Deveci\"><img decoding=\"async\" src=\"https:\/\/tudoemmadeira.pt\/wp-content\/uploads\/2022\/05\/work-9.jpg\" title=\"Designed by Mithad Deveci\" alt=\"Designed by Mithad Deveci\" \/><div class=\"portfolio-item-infos-wrapper\" style=\"background-color:\"><div class=\"portfolio-item-infos\"><div class=\"portfolio-item-title\"><span class=\"portfolio-item-title-span\">Designed by Mithad Deveci<\/span><\/div><div class=\"portfolio-item-category\"><span class=\"elpt-portfolio-cat\"><\/span><\/div><\/div><\/div><\/a><\/div><div class=\"portfolio-item-wrapper  elemenfoliocategory-\"><a href=\"https:\/\/tudoemmadeira.pt\/wp-content\/uploads\/2022\/09\/Schrank-001.jpg\" class=\"portfolio-item elpt-portfolio-lightbox\" rel=\"elpt-portfolio_elpt_powerfolio_37394\" style=\"background-image: url(https:\/\/tudoemmadeira.pt\/wp-content\/uploads\/2022\/09\/Schrank-001.jpg)\" title=\"Designed by Mithad Deveci\"><img decoding=\"async\" src=\"https:\/\/tudoemmadeira.pt\/wp-content\/uploads\/2022\/09\/Schrank-001.jpg\" title=\"Designed by Mithad Deveci\" alt=\"Designed by Mithad Deveci\" \/><div class=\"portfolio-item-infos-wrapper\" style=\"background-color:\"><div class=\"portfolio-item-infos\"><div class=\"portfolio-item-title\"><span class=\"portfolio-item-title-span\">Designed by Mithad Deveci<\/span><\/div><div class=\"portfolio-item-category\"><span class=\"elpt-portfolio-cat\"><\/span><\/div><\/div><\/div><\/a><\/div><div class=\"portfolio-item-wrapper  elemenfoliocategory-\"><a href=\"https:\/\/tudoemmadeira.pt\/wp-content\/uploads\/2022\/09\/work-18.jpg\" class=\"portfolio-item elpt-portfolio-lightbox\" rel=\"elpt-portfolio_elpt_powerfolio_37394\" style=\"background-image: url(https:\/\/tudoemmadeira.pt\/wp-content\/uploads\/2022\/09\/work-18.jpg)\" title=\"Designed by Mithad Deveci\"><img decoding=\"async\" src=\"https:\/\/tudoemmadeira.pt\/wp-content\/uploads\/2022\/09\/work-18.jpg\" title=\"Designed by Mithad Deveci\" alt=\"Designed by Mithad Deveci\" \/><div class=\"portfolio-item-infos-wrapper\" style=\"background-color:\"><div class=\"portfolio-item-infos\"><div class=\"portfolio-item-title\"><span class=\"portfolio-item-title-span\">Designed by Mithad Deveci<\/span><\/div><div class=\"portfolio-item-category\"><span class=\"elpt-portfolio-cat\"><\/span><\/div><\/div><\/div><\/a><\/div><div class=\"portfolio-item-wrapper  elemenfoliocategory-\"><a href=\"https:\/\/tudoemmadeira.pt\/wp-content\/uploads\/2022\/09\/Schublade-001.jpg\" class=\"portfolio-item elpt-portfolio-lightbox\" rel=\"elpt-portfolio_elpt_powerfolio_37394\" style=\"background-image: url(https:\/\/tudoemmadeira.pt\/wp-content\/uploads\/2022\/09\/Schublade-001.jpg)\" title=\"Designed by Mithad Deveci\"><img decoding=\"async\" src=\"https:\/\/tudoemmadeira.pt\/wp-content\/uploads\/2022\/09\/Schublade-001.jpg\" title=\"Designed by Mithad Deveci\" alt=\"Designed by Mithad Deveci\" \/><div class=\"portfolio-item-infos-wrapper\" style=\"background-color:\"><div class=\"portfolio-item-infos\"><div class=\"portfolio-item-title\"><span class=\"portfolio-item-title-span\">Designed by Mithad Deveci<\/span><\/div><div class=\"portfolio-item-category\"><span class=\"elpt-portfolio-cat\"><\/span><\/div><\/div><\/div><\/a><\/div><div class=\"portfolio-item-wrapper  elemenfoliocategory-\"><a href=\"https:\/\/tudoemmadeira.pt\/wp-content\/uploads\/2022\/09\/Einbauschrank-001.jpg\" class=\"portfolio-item elpt-portfolio-lightbox\" rel=\"elpt-portfolio_elpt_powerfolio_37394\" style=\"background-image: url(https:\/\/tudoemmadeira.pt\/wp-content\/uploads\/2022\/09\/Einbauschrank-001.jpg)\" title=\"Designed by Mithad Deveci\"><img decoding=\"async\" src=\"https:\/\/tudoemmadeira.pt\/wp-content\/uploads\/2022\/09\/Einbauschrank-001.jpg\" title=\"Designed by Mithad Deveci\" alt=\"Designed by Mithad Deveci\" \/><div class=\"portfolio-item-infos-wrapper\" style=\"background-color:\"><div class=\"portfolio-item-infos\"><div class=\"portfolio-item-title\"><span class=\"portfolio-item-title-span\">Designed by Mithad Deveci<\/span><\/div><div class=\"portfolio-item-category\"><span class=\"elpt-portfolio-cat\"><\/span><\/div><\/div><\/div><\/a><\/div><\/div><\/div>\t\t<script><\/script>\n\t\t\n\t\t\t\t<\/div>\n\t\t\t\t<\/div>\n\t\t\t\t<\/div>\n\t\t\t\t<\/div>\n\t\t\t\t\t\t\t\t\t<\/div>\r\n\t\t\t\t\t\t\t\t\t\t\t<\/div>\r\n\t\t\t\t\t\t\t<\/div>\r\n\t\t<\/div>\r\n\r\n\t\t\t\t<\/div>\n\t\t\t\t<\/div>\n\t\t\t\t<\/div>\n\t\t\t\t<\/div>\n\t\t","protected":false},"excerpt":{"rendered":"<p>Bem vindo Our design team will be pleased to help, suggesting the best solution to your space. A nossa equipa de designers ter\u00e1 todo o prazer em sugerir-lhe as solu\u00e7\u00f5es mais adequadas ao seu espa\u00e7o. CozinhaCozinha 1CozinhaCozinha 2CozinhaCozinha 3CozinhaCozinha4CozinhaCozinha 5CozinhaCozinha 6<\/p>\n","protected":false},"author":1,"featured_media":0,"parent":0,"menu_order":0,"comment_status":"closed","ping_status":"closed","template":"elementor_canvas","meta":{"footnotes":""},"class_list":["post-262","page","type-page","status-publish","hentry"],"_links":{"self":[{"href":"https:\/\/tudoemmadeira.pt\/index.php?rest_route=\/wp\/v2\/pages\/262","targetHints":{"allow":["GET"]}}],"collection":[{"href":"https:\/\/tudoemmadeira.pt\/index.php?rest_route=\/wp\/v2\/pages"}],"about":[{"href":"https:\/\/tudoemmadeira.pt\/index.php?rest_route=\/wp\/v2\/types\/page"}],"author":[{"embeddable":true,"href":"https:\/\/tudoemmadeira.pt\/index.php?rest_route=\/wp\/v2\/users\/1"}],"replies":[{"embeddable":true,"href":"https:\/\/tudoemmadeira.pt\/index.php?rest_route=%2Fwp%2Fv2%2Fcomments&post=262"}],"version-history":[{"count":40,"href":"https:\/\/tudoemmadeira.pt\/index.php?rest_route=\/wp\/v2\/pages\/262\/revisions"}],"predecessor-version":[{"id":384,"href":"https:\/\/tudoemmadeira.pt\/index.php?rest_route=\/wp\/v2\/pages\/262\/revisions\/384"}],"wp:attachment":[{"href":"https:\/\/tudoemmadeira.pt\/index.php?rest_route=%2Fwp%2Fv2%2Fmedia&parent=262"}],"curies":[{"name":"wp","href":"https:\/\/api.w.org\/{rel}","templated":true}]}}